{"id":40,"date":"2022-01-18T11:45:28","date_gmt":"2022-01-18T11:45:28","guid":{"rendered":"https:\/\/gestioneslegales.es\/?page_id=40"},"modified":"2022-01-18T11:45:29","modified_gmt":"2022-01-18T11:45:29","slug":"aviso-legal","status":"publish","type":"page","link":"https:\/\/gestioneslegales.es\/index.php\/aviso-legal\/","title":{"rendered":"Aviso legal"},"content":{"rendered":"\n<h3><strong>Datos del Responsable.<\/strong><\/h3>\n\n\n\n<p>Identidad del Responsable: Gin\u00e9s Riquelme Palaz\u00f3n<br>NIF: 48481169K<br>Nombre comercial: ginesriquelme.abogado<br>Direcci\u00f3n: Calle Plateria, 7, 4\u00baB 30004 Murcia<br>Correo electr\u00f3nico: gines@ginesriquelme.abogado<br>En este espacio, el usuario, podr\u00e1 encontrar toda la informaci\u00f3n relativa a los t\u00e9rminos y condiciones legales que definen las relaciones entre los usuarios y yo como responsable de esta web. Como usuario, es importante que conozcas estos t\u00e9rminos antes de continuar tu navegaci\u00f3n.<\/p>\n\n\n\n<p>Gin\u00e9s Riquelme como responsable de esta web, asumo el compromiso de procesar la informaci\u00f3n de mis usuarios y clientes con plenas garant\u00edas y cumplir con los requisitos nacionales y europeos que regulan la recopilaci\u00f3n y uso de los datos personales de mis usuarios.<\/p>\n\n\n\n<p>Esta web, por tanto, cumple rigurosamente con La Ley Org\u00e1nica 15\/1999, de 13 de diciembre, de Protecci\u00f3n de Datos de Car\u00e1cter Personal (LOPD), y con el Real Decreto 1720\/2007, de 21 de diciembre, conocido como el Reglamento de desarrollo de la LOPD. Cumple tambi\u00e9n con el Reglamento (UE) 2016\/679 del Parlamento Europeo y del Consejo de 27 de abril de 2016 relativo a la protecci\u00f3n de las personas f\u00edsicas (RGPD), as\u00ed como con la Ley 34\/2002, de 11 de julio, de Servicios de la Sociedad de la Informaci\u00f3n y Comercio Electr\u00f3nico (LSSICE \u00f3 LSSI).<\/p>\n\n\n\n<h3><strong>Condiciones generales de uso.<\/strong><\/h3>\n\n\n\n<p>Las presentes Condiciones Generales regulan el uso (incluyendo el mero acceso) de las p\u00e1ginas de web, integrantes del sitio web de Gin\u00e9s Riquelme incluidos los contenidos y servicios puestos a disposici\u00f3n en ellas. Toda persona que acceda a la web, https:\/\/ginesriquelme.abogado (\u201cusuario\u201d) acepta someterse a las Condiciones Generales vigentes en cada momento del portal https:\/\/ginesriquelme.abogado.<\/p>\n\n\n\n<p>Datos personales que recabo y c\u00f3mo lo hago.<br>Tienes toda la informaci\u00f3n en la Pol\u00edtica de Privacidad.<\/p>\n\n\n\n<p>Compromisos y obligaciones de los usuarios.<br>El usuario queda informado, y acepta, que el acceso a la presente web no supone, en modo alguno, el inicio de una relaci\u00f3n comercial con Gin\u00e9s Riquelme. De esta forma, el usuario se compromete a utilizar el sitio web, sus servicios y contenidos sin contravenir la legislaci\u00f3n vigente, la buena fe y el orden p\u00fablico.<\/p>\n\n\n\n<p>Queda prohibido el uso de la web, con fines il\u00edcitos o lesivos, o que, de cualquier forma, puedan causar perjuicio o impedir el normal funcionamiento del sitio web. Respecto de los contenidos de esta web, se proh\u00edbe:<\/p>\n\n\n\n<p>Su reproducci\u00f3n, distribuci\u00f3n o modificaci\u00f3n, total o parcial, a menos que se cuente con mi autorizaci\u00f3n como leg\u00edtimo titular;<br>Cualquier vulneraci\u00f3n de los derechos del prestador o de mi como leg\u00edtimo titular;<br>Su utilizaci\u00f3n para fines comerciales o publicitarios.<br>En la utilizaci\u00f3n de la web, https:\/\/ginesriquelme.abogado el usuario se compromete a no llevar a cabo ninguna conducta que pudiera da\u00f1ar la imagen, los intereses y los derechos de Gin\u00e9s Riquelme o de terceros o que pudiera da\u00f1ar, inutilizar o sobrecargar el portal https:\/\/ginesriquelme.abogado o que impidiera, de cualquier forma, la normal utilizaci\u00f3n de la web.<\/p>\n\n\n\n<p>No obstante, el usuario debe ser consciente de que las medidas de seguridad de los sistemas inform\u00e1ticos en Internet no son enteramente fiables y que, por tanto https:\/\/ginesriquelme.abogado no puede garantizar la inexistencia de malware u otros elementos que puedan producir alteraciones en los sistemas inform\u00e1ticos (software y hardware) del usuario o en sus documentos electr\u00f3nicos y ficheros contenidos en los mismos aunque pongo todos los medios necesarios y las medidas de seguridad oportunas para evitar la presencia de estos elementos da\u00f1inos.<\/p>\n\n\n\n<h3><strong>Medidas de seguridad.<\/strong><\/h3>\n\n\n\n<p>Los datos personales comunicados por el usuario a ginesriquelme.abogado pueden ser almacenados en bases de datos automatizadas o no, cuya titularidad corresponde en exclusiva a Gin\u00e9s Riquelme, asumiendo \u00e9sta todas las medidas de \u00edndole t\u00e9cnica, organizativa y de seguridad que garantizan la confidencialidad, integridad y calidad de la informaci\u00f3n contenida en las mismas de acuerdo con lo establecido en la normativa vigente en protecci\u00f3n de datos. La comunicaci\u00f3n entre los usuarios y https:\/\/ginesriquelme.abogado utiliza un canal seguro, y los datos transmitidos son cifrados gracias a protocolos a https, por tanto, garantizo las mejores condiciones de seguridad para que la confidencialidad de los usuarios est\u00e9 garantizada.<\/p>\n\n\n\n<p>Plataforma de resoluci\u00f3n de conflictos.<br>Pongo tambi\u00e9n a disposici\u00f3n de los usuarios la plataforma de resoluci\u00f3n de litigios que facilita la Comisi\u00f3n Europea y que se encuentra disponible en el siguiente enlace: http:\/\/ec.europa.eu\/consumers\/odr\/<\/p>\n\n\n\n<p>Derechos de propiedad intelectual e industrial.<br>En virtud de lo dispuesto en los art\u00edculos 8 y 32.1, p\u00e1rrafo segundo, de la Ley de Propiedad Intelectual, quedan expresamente prohibidas la reproducci\u00f3n, la distribuci\u00f3n y la comunicaci\u00f3n p\u00fablica, incluida su modalidad de puesta a disposici\u00f3n, de la totalidad o parte de los contenidos de esta p\u00e1gina web, con fines comerciales, en cualquier soporte y por cualquier medio t\u00e9cnico, sin la autorizaci\u00f3n de Gin\u00e9s Riquelme. El usuario se compromete a respetar los derechos de Propiedad Intelectual e Industrial titularidad de Gin\u00e9s Riquelme.<\/p>\n\n\n\n<p>El usuario conoce y acepta que la totalidad del sitio web, conteniendo sin car\u00e1cter exhaustivo el texto, software, contenidos (incluyendo estructura, selecci\u00f3n, ordenaci\u00f3n y presentaci\u00f3n de los mismos) podcast, fotograf\u00edas, material audiovisual y gr\u00e1ficos, est\u00e1 protegida por marcas, derechos de autor y otros derechos leg\u00edtimos, de acuerdo con los tratados internacionales en los que Espa\u00f1a es parte y otros derechos de propiedad y leyes de Espa\u00f1a.<\/p>\n\n\n\n<p>En el caso de que un usuario o un tercero consideren que se ha producido una violaci\u00f3n de sus leg\u00edtimos derechos de propiedad intelectual por la introducci\u00f3n de un determinado contenido en la web, deber\u00e1 notificar dicha circunstancia a Gin\u00e9s Riquelme indicando:<\/p>\n\n\n\n<p>Datos personales del interesado titular de los derechos presuntamente infringidos, o indicar la representaci\u00f3n con la que act\u00faa en caso de que la reclamaci\u00f3n la presente un tercero distinto del interesado.<br>Se\u00f1alar los contenidos protegidos por los derechos de propiedad intelectual y su ubicaci\u00f3n en la web, la acreditaci\u00f3n de los derechos de propiedad intelectual se\u00f1alados y declaraci\u00f3n expresa en la que el interesado se responsabiliza de la veracidad de las informaciones facilitadas en la notificaci\u00f3n.<br>Enlaces externos.<br>Las p\u00e1ginas de la web https:\/\/ginesriquelme.abogado proporciona enlaces a otros sitios web propios y contenidos que son propiedad de terceros tales como:<\/p>\n\n\n\n<p>Herramientas<br>Recursos<br>Contenido de otros blogs<br>Enlaces de afiliados<br>Exclusi\u00f3n de garant\u00edas y responsable.<br>Gin\u00e9s Riquelme no otorga ninguna garant\u00eda ni se hace responsable, en ning\u00fan caso, de los da\u00f1os y perjuicios de cualquier naturaleza que pudieran traer causa de:<\/p>\n\n\n\n<p>La falta de disponibilidad, mantenimiento y efectivo funcionamiento de la web, o de sus servicios y contenidos;<br>La existencia de malware, programas maliciosos o lesivos en los contenidos;<br>El uso il\u00edcito, negligente, fraudulento o contrario a este Aviso Legal;<br>La falta de licitud, calidad, fiabilidad, utilidad y disponibilidad de los servicios prestados por terceros y puestos a disposici\u00f3n de los usuarios en el sitio web.<br>El prestador no se hace responsable bajo ning\u00fan concepto de los da\u00f1os que pudieran dimanar del uso ilegal o indebido de la presente p\u00e1gina web.<br>Ley aplicable y jurisdicci\u00f3n.<br>Con car\u00e1cter general las relaciones entre Gin\u00e9s Riquelme con los usuarios de sus servicios telem\u00e1ticos, presentes en esta web se encuentran sometidas a la legislaci\u00f3n y jurisdicci\u00f3n espa\u00f1olas y a los tribunales de Murcia.<\/p>\n\n\n\n<h3><strong>Contacto.<\/strong><\/h3>\n\n\n\n<p>En caso de que cualquier usuario tuviese alguna duda acerca de estas Condiciones legales o cualquier comentario sobre el portal https:\/\/ginesriquelme.abogado, por favor dir\u00edjase a gines@ginesriquelme.abogado<\/p>\n","protected":false},"excerpt":{"rendered":"<p>Datos del Responsable. Identidad del Responsable: Gin\u00e9s Riquelme Palaz\u00f3nNIF: 48481169KNombre comercial: ginesriquelme.abogadoDirecci\u00f3n: Calle Plateria, 7, 4\u00baB 30004 MurciaCorreo electr\u00f3nico: gines@ginesriquelme.abogadoEn este espacio, el usuario, podr\u00e1 encontrar toda la informaci\u00f3n relativa a los t\u00e9rminos y condiciones legales que definen las relaciones entre los usuarios y yo como responsable de esta web. Como usuario, es importante que &#8230; <a title=\"Aviso legal\" class=\"read-more\" href=\"https:\/\/gestioneslegales.es\/index.php\/aviso-legal\/\" aria-label=\"M\u00e1s en Aviso legal\">Leer m\u00e1s<\/a><\/p>\n","protected":false},"author":1,"featured_media":0,"parent":0,"menu_order":0,"comment_status":"closed","ping_status":"closed","template":"","meta":[],"_links":{"self":[{"href":"https:\/\/gestioneslegales.es\/index.php\/wp-json\/wp\/v2\/pages\/40"}],"collection":[{"href":"https:\/\/gestioneslegales.es\/index.php\/wp-json\/wp\/v2\/pages"}],"about":[{"href":"https:\/\/gestioneslegales.es\/index.php\/wp-json\/wp\/v2\/types\/page"}],"author":[{"embeddable":true,"href":"https:\/\/gestioneslegales.es\/index.php\/wp-json\/wp\/v2\/users\/1"}],"replies":[{"embeddable":true,"href":"https:\/\/gestioneslegales.es\/index.php\/wp-json\/wp\/v2\/comments?post=40"}],"version-history":[{"count":1,"href":"https:\/\/gestioneslegales.es\/index.php\/wp-json\/wp\/v2\/pages\/40\/revisions"}],"predecessor-version":[{"id":41,"href":"https:\/\/gestioneslegales.es\/index.php\/wp-json\/wp\/v2\/pages\/40\/revisions\/41"}],"wp:attachment":[{"href":"https:\/\/gestioneslegales.es\/index.php\/wp-json\/wp\/v2\/media?parent=40"}],"curies":[{"name":"wp","href":"https:\/\/api.w.org\/{rel}","templated":true}]}}